{"id":1130,"date":"2016-08-08T22:03:26","date_gmt":"2016-08-08T20:03:26","guid":{"rendered":"http:\/\/event-ww.de\/blog\/?page_id=1130"},"modified":"2019-10-20T17:16:09","modified_gmt":"2019-10-20T15:16:09","slug":"media-follower","status":"publish","type":"page","link":"https:\/\/event-ww.de\/blog\/media-follower\/","title":{"rendered":"Werbung \/ Social Media \/ Follower"},"content":{"rendered":"<h2><span style=\"font-size: 24px; font-family: 'book antiqua', palatino, serif;\">\u00dcberblick \u00fcber unsere Social Media Aktivit\u00e4ten und Follower.<\/span><\/h2>\n<p><span style=\"font-family: 'book antiqua', palatino, serif; font-size: 18px;\">Wir kooperieren gerne mit Produktanbietern und Dienstleistern. Dazu kann unser Blog und Social Media auch als Plattform f\u00fcr Sie dienen. Wir sind interessiert an langfristigen Kooperationen, achten aber immer darauf, dass das Produkt oder die Dienstleistung zu unserem Lifestyle und dem passt, was wir mit unserem Blog vermitteln m\u00f6chten. Sprechen Sie uns gerne an: info@event-ww.de oder +49 151 44344936<\/span><\/p>\n<h2><span style=\"font-size: 24px; font-family: 'book antiqua', palatino, serif;\"><strong class=\"ox-e37c673f40-yiv8109012399\">Follower und Reichweite<\/strong><\/span><\/h2>\n<div class=\"\">\n<div class=\"ox-e37c673f40-yiv8109012399\" dir=\"ltr\"><span style=\"font-family: 'book antiqua', palatino, serif; font-size: 18px;\">Unsere Follower sind gleichm\u00e4\u00dfig verteilt. Etwa 51% m\u00e4nnlich und 49% weiblich.<\/span><\/div>\n<div class=\"ox-e37c673f40-yiv8109012399\" dir=\"ltr\"><span style=\"font-family: 'book antiqua', palatino, serif; font-size: 18px;\">Mehr als 60% der Leser sind \u00fcber 35 Jahre und befinden sich in hohen Einkommensschichten ab 100.000 EUR Jahreseinkommen und interessieren sich f\u00fcr Luxusmarken. Viele der Leser sind ebenfalls selbstst\u00e4ndige Unternehmer.<\/span><\/div>\n<div class=\"ox-e37c673f40-yiv8109012399\" dir=\"ltr\"><span style=\"font-family: 'book antiqua', palatino, serif; font-size: 18px;\">\u00a0<\/span><\/div>\n<div class=\"ox-e37c673f40-yiv8109012399\" dir=\"ltr\"><span style=\"font-family: 'book antiqua', palatino, serif; font-size: 18px;\">Geografisch kommen 76% aller Leser aus Deutschland, danach folgen USA (8%), \u00d6sterreich (3,5%) und Schweiz 3%. Insgesamt haben wir Leser aus mehr als 35 verschiedenen L\u00e4ndern.<\/span><\/div>\n<div class=\"ox-e37c673f40-yiv8109012399\" dir=\"ltr\"><span style=\"font-family: 'book antiqua', palatino, serif; font-size: 18px;\">\u00a0<\/span><\/div>\n<div class=\"ox-e37c673f40-yiv8109012399\" dir=\"ltr\"><span style=\"font-family: 'book antiqua', palatino, serif; font-size: 18px;\">\u00dcber Facebook, Instagram und Twitter zusammen erreichen wir aktuell durchschnittliche monatliche Impressionen von 100.000. Dass wir stets zweisprachig schreiben und posten, sollte mit Hinblick auf internationale Kundschaft von Interesse sein.<\/span><\/div>\n<\/div>\n<h2><span style=\"font-size: 24px; font-family: 'book antiqua', palatino, serif;\">Service f\u00fcr Hotels\u00a0<\/span><\/h2>\n<p><span style=\"font-family: 'book antiqua', palatino, serif; font-size: 18px;\">Sie haben gerade ein Hotel er\u00f6ffnet oder renoviert und ben\u00f6tigen entsprechend online Reichweite und Berichterstattung \u00fcber Blogs und\/oder Social Media Kan\u00e4le, um Ihr Haus bekannter zu machen ?<\/span><\/p>\n<p><span style=\"font-family: 'book antiqua', palatino, serif; font-size: 18px;\">F\u00fcr Hotels &amp; Restaurants machen\u00a0wir gerne auch Beratung zum Thema Social Media. Bitte fragen\u00a0Sie uns an, wir besprechen Ihre Vorstellungen und machen Ihnen ein individuelles Angebot.<\/span><\/p>\n<p><span style=\"font-family: 'book antiqua', palatino, serif; font-size: 24px; color: #333333;\"><strong>Follower <a style=\"color: #333333;\" href=\"httpss:\/\/www.instagram.com\/eventsbyww\/\" target=\"_blank\" rel=\"noopener noreferrer\">Instagram<\/a> September<\/strong>\u00a0<strong>2019<\/strong><\/span><\/p>\n<p><img loading=\"lazy\" class=\"alignnone  wp-image-7779\" src=\"https:\/\/event-ww.de\/blog\/wp-content\/uploads\/2019\/10\/Instagram-300x165.png\" alt=\"\" width=\"578\" height=\"318\" srcset=\"https:\/\/event-ww.de\/blog\/wp-content\/uploads\/2019\/10\/Instagram-300x165.png 300w, https:\/\/event-ww.de\/blog\/wp-content\/uploads\/2019\/10\/Instagram-768x422.png 768w, https:\/\/event-ww.de\/blog\/wp-content\/uploads\/2019\/10\/Instagram-1024x562.png 1024w, https:\/\/event-ww.de\/blog\/wp-content\/uploads\/2019\/10\/Instagram-150x82.png 150w, https:\/\/event-ww.de\/blog\/wp-content\/uploads\/2019\/10\/Instagram.png 1912w\" sizes=\"(max-width: 578px) 100vw, 578px\" \/><\/p>\n","protected":false},"excerpt":{"rendered":"<p>\u00dcberblick \u00fcber unsere Social Media Aktivit\u00e4ten und Follower. Wir kooperieren gerne mit Produktanbietern und Dienstleistern. Dazu kann unser Blog und Social Media auch als Plattform f\u00fcr Sie dienen. Wir sind interessiert an langfristigen Kooperationen, achten aber immer darauf, dass das Produkt oder die Dienstleistung zu unserem Lifestyle und dem passt, was wir mit unserem Blog&hellip;<\/p>\n","protected":false},"author":3,"featured_media":0,"parent":0,"menu_order":0,"comment_status":"closed","ping_status":"closed","template":"","meta":{"_monsterinsights_skip_tracking":false,"_monsterinsights_sitenote_active":false,"_monsterinsights_sitenote_note":"","_monsterinsights_sitenote_category":0},"yst_prominent_words":[1937,1934,1494,1931,1180,1938,1932,1930,1936,1929,1928],"_links":{"self":[{"href":"https:\/\/event-ww.de\/blog\/wp-json\/wp\/v2\/pages\/1130"}],"collection":[{"href":"https:\/\/event-ww.de\/blog\/wp-json\/wp\/v2\/pages"}],"about":[{"href":"https:\/\/event-ww.de\/blog\/wp-json\/wp\/v2\/types\/page"}],"author":[{"embeddable":true,"href":"https:\/\/event-ww.de\/blog\/wp-json\/wp\/v2\/users\/3"}],"replies":[{"embeddable":true,"href":"https:\/\/event-ww.de\/blog\/wp-json\/wp\/v2\/comments?post=1130"}],"version-history":[{"count":2,"href":"https:\/\/event-ww.de\/blog\/wp-json\/wp\/v2\/pages\/1130\/revisions"}],"predecessor-version":[{"id":7782,"href":"https:\/\/event-ww.de\/blog\/wp-json\/wp\/v2\/pages\/1130\/revisions\/7782"}],"wp:attachment":[{"href":"https:\/\/event-ww.de\/blog\/wp-json\/wp\/v2\/media?parent=1130"}],"wp:term":[{"taxonomy":"yst_prominent_words","embeddable":true,"href":"https:\/\/event-ww.de\/blog\/wp-json\/wp\/v2\/yst_prominent_words?post=1130"}],"curies":[{"name":"wp","href":"https:\/\/api.w.org\/{rel}","templated":true}]}}