{"id":2512,"date":"2017-08-01T18:02:13","date_gmt":"2017-08-01T16:02:13","guid":{"rendered":"http:\/\/event-ww.de\/blog\/?page_id=2512"},"modified":"2020-11-30T22:48:11","modified_gmt":"2020-11-30T21:48:11","slug":"kooperation-referenzen","status":"publish","type":"page","link":"https:\/\/event-ww.de\/blog\/kooperation-referenzen\/","title":{"rendered":"Kooperation &#038; Referenzen"},"content":{"rendered":"<h2><span style=\"font-family: 'book antiqua', palatino, serif; color: #000000;\">Referenzen \/ References<\/span><\/h2>\n<p><span style=\"font-family: 'book antiqua', palatino, serif; font-size: 18px; color: #000000;\"><strong>Hotels<\/strong><\/span><\/p>\n<ol>\n<li><span style=\"font-family: 'book antiqua', palatino, serif; font-size: 18px; color: #000000;\"><strong>Schlosshotel Velden<\/strong>, Velden am W\u00f6rthersee, \u00d6sterreich<\/span><\/li>\n<li><span style=\"font-family: 'book antiqua', palatino, serif; font-size: 18px; color: #000000;\"><strong>Romantik Hotel Krone von Lech<\/strong>, Lech am Arlberg, \u00d6sterreich<\/span><\/li>\n<li><span style=\"font-family: 'book antiqua', palatino, serif; font-size: 18px; color: #000000;\"><strong>Atrium Prestige Thalasso<\/strong>, Rhodos, Griechenland<\/span><\/li>\n<li><span style=\"color: #000000;\"><strong><span style=\"font-family: 'book antiqua', palatino, serif; font-size: 18px;\">M\u00f6venpick Hotel Stuttgart Airport &amp; Messe, <\/span><\/strong><span style=\"font-family: 'book antiqua', palatino, serif; font-size: 18px;\">Stuttgart<\/span><\/span><\/li>\n<li><span style=\"font-family: 'book antiqua', palatino, serif; font-size: 18px; color: #000000;\"><strong>Hotel Klosterbr\u00e4u<\/strong>, Seefeld, \u00d6sterreich<\/span><\/li>\n<li><span style=\"font-family: 'book antiqua', palatino, serif; font-size: 18px; color: #000000;\"><strong>Hotel Kohlerhof<\/strong>, F\u00fcgen, \u00d6sterreich<\/span><\/li>\n<li><span style=\"font-family: 'book antiqua', palatino, serif; font-size: 18px; color: #000000;\"><strong>Brauereigasthof Aying<\/strong> (Event Kooperation &#8211; High End Oktoberfest Event)<\/span><\/li>\n<li><span style=\"font-family: 'book antiqua', palatino, serif; font-size: 18px; color: #000000;\"><strong>Hotel Nassauer Hof<\/strong>, Wiesbaden\u00a0<\/span><\/li>\n<li><span style=\"font-family: 'book antiqua', palatino, serif; font-size: 18px; color: #000000;\"><strong>Hotel Gasthof Post Relais &amp; Chateaux<\/strong>, Lech am Arlberg, \u00d6sterreich<\/span><\/li>\n<li><span style=\"font-family: 'book antiqua', palatino, serif; font-size: 18px; color: #000000;\"><strong>Hotel Alpine Palace<\/strong>, Saalbach, \u00d6sterreich<\/span><\/li>\n<li><span style=\"font-family: 'book antiqua', palatino, serif; font-size: 18px; color: #000000;\"><strong>Intercontinental<\/strong> D\u00fcsseldorf<\/span><\/li>\n<li><span style=\"font-family: 'book antiqua', palatino, serif; font-size: 18px; color: #000000;\"><strong>Atlantic Kempinski<\/strong>, Hamburg\u00a0<\/span><\/li>\n<li><span style=\"font-family: 'book antiqua', palatino, serif; font-size: 18px; color: #000000;\"><strong>DUKES DUBAI<\/strong>, Vereinigte Arabische Emirate<\/span><\/li>\n<li><span style=\"font-family: 'book antiqua', palatino, serif; font-size: 18px; color: #000000;\"><strong>Hotel Schweizerhof<\/strong>, St. Moritz<\/span><\/li>\n<li><strong><span style=\"font-family: 'book antiqua', palatino; font-size: 18px;\">Brenners Park Hotel &amp; Spa<\/span><\/strong><span style=\"font-family: 'book antiqua', palatino; font-size: 18px;\">, Baden-Baden<\/span><\/li>\n<\/ol>\n<p><span style=\"font-family: 'book antiqua', palatino, serif; font-size: 18px; color: #000000;\"><strong>Restaurants \/ Bars \/ Weing\u00fcter<\/strong><\/span><\/p>\n<ol>\n<li><span style=\"font-family: 'book antiqua', palatino, serif; font-size: 18px; color: #000000;\">Nobu im Mandarin Oriental<\/span><\/li>\n<li><span style=\"font-family: 'book antiqua', palatino, serif; font-size: 18px; color: #000000;\">Essence in Pasing<\/span><\/li>\n<li><span style=\"font-family: 'book antiqua', palatino, serif; font-size: 18px; color: #000000;\">Mandarin Oriental M\u00fcnchen (Bar31)<\/span><\/li>\n<li><span style=\"font-family: 'book antiqua', palatino, serif; font-size: 18px; color: #000000;\">Ente Wiesbaden, Nassauer Hof<\/span><\/li>\n<li><span style=\"font-family: 'book antiqua', palatino, serif; font-size: 18px; color: #000000;\">VIP Privatkoch Chriz Bauer &#8211; bekannt aus VOX &#8211; das perfekte Dinner\u00a0<\/span><\/li>\n<li><span style=\"font-family: 'book antiqua', palatino, serif; font-size: 18px; color: #000000;\">Weingut Schloss Salenegg, Maienfeld<\/span><\/li>\n<\/ol>\n<p><span style=\"font-family: 'book antiqua', palatino, serif; font-size: 18px; color: #000000;\"><strong>Produkte \/ products<\/strong><\/span><\/p>\n<ol>\n<li><span style=\"font-family: 'book antiqua', palatino, serif; font-size: 18px; color: #000000;\">zzysh (6 Monate)<\/span><\/li>\n<li><span style=\"font-family: 'book antiqua', palatino, serif; font-size: 18px; color: #000000;\">Blondine &amp; Brunette (bis M\u00e4rz 2018)<\/span><\/li>\n<li><span style=\"font-family: 'book antiqua', palatino, serif; font-size: 18px; color: #000000;\">Cove &amp; Co (Ma\u00dfschneider &#8211; 2 Jahre Exklusiv Kooperation)<\/span><\/li>\n<li><span style=\"font-family: 'book antiqua', palatino, serif; font-size: 18px; color: #000000;\">Veverl (Couture Dirndl &#8211; Exklusiv Kooperation)<\/span><\/li>\n<li><span style=\"font-family: 'book antiqua', palatino, serif; font-size: 18px; color: #000000;\">Die Wunderkammer &#8211; Luxus Besteck<\/span><\/li>\n<li><span style=\"font-family: 'book antiqua', palatino, serif; font-size: 18px; color: #000000;\">Bredemeijer &#8211; Teekanne\u00a0<\/span><\/li>\n<li><span style=\"font-family: 'book antiqua', palatino, serif; font-size: 18px; color: #000000;\">SKOFF Original &#8211; Weingut aus \u00d6sterreich (Exklusiv Kooperation &#8211; 12 Monate)<\/span><\/li>\n<li><span style=\"font-family: 'book antiqua', palatino, serif; font-size: 18px; color: #000000;\">GBCM Globe Business College Munich<\/span><\/li>\n<li><span style=\"font-family: 'book antiqua', palatino, serif; font-size: 18px; color: #000000;\">Maserati M\u00fcnchen, SZD Sportwagen\u00a0<\/span><\/li>\n<li><span style=\"font-family: 'book antiqua', palatino, serif; font-size: 18px; color: #000000;\">Hispano Suiza (https:\/\/hispanosuiza.ag\/)<\/span><\/li>\n<li><span style=\"font-size: 18px; font-family: 'book antiqua', palatino, serif; color: #000000;\">Nevaswater, Luxuswasser\u00a0<\/span><\/li>\n<li><span style=\"font-size: 18px; font-family: 'book antiqua', palatino, serif; color: #000000;\">TinteGin<\/span><\/li>\n<li><span style=\"font-size: 18px; font-family: 'book antiqua', palatino, serif; color: #000000;\">Get on Board (Flugsimulator) M\u00fcnchen<\/span><\/li>\n<li><span style=\"font-family: 'book antiqua', palatino; font-size: 18px;\">Ch\u00e2teau La Force (Rotwein)<\/span><\/li>\n<\/ol>\n<p><span style=\"font-family: 'book antiqua', palatino, serif; font-size: 18px; color: #000000;\"><strong>Events \u00fcber die wir geschrieben haben \/ events we wrote about\u00a0<\/strong><\/span><\/p>\n<ol>\n<li><span style=\"font-family: 'book antiqua', palatino, serif; font-size: 18px; color: #000000;\">Euromotor &amp; Lifestyle Messe Stuttgart<\/span><\/li>\n<li><span style=\"font-family: 'book antiqua', palatino, serif; font-size: 18px; color: #000000;\">Bucherer Polo Holzkirchen 2016, 2018<\/span><\/li>\n<li><span style=\"font-family: 'book antiqua', palatino, serif; font-size: 18px; color: #000000;\">Kitzb\u00fchel Snow Polo 2017 &amp; 2018<\/span><\/li>\n<li><span style=\"font-family: 'book antiqua', palatino, serif; font-size: 18px; color: #000000;\">Pferd International 2017<\/span><\/li>\n<li><span style=\"font-family: 'book antiqua', palatino, serif; font-size: 18px; color: #000000;\">Munich Indoors (Pferdesport Event Olympiahalle 2016)<\/span><\/li>\n<li><span style=\"font-family: 'book antiqua', palatino, serif; font-size: 18px; color: #000000;\">500 Jahre Feier im Hotel Klosterbr\u00e4u, Seefeld<\/span><\/li>\n<li><span style=\"font-family: 'book antiqua', palatino, serif; font-size: 18px; color: #000000;\">BMW Open by FWU 2017<\/span><\/li>\n<li><span style=\"font-family: 'book antiqua', palatino, serif; font-size: 18px; color: #000000;\">Taste &amp; Style am Flughafen M\u00fcnchen<\/span><\/li>\n<li><span style=\"font-family: 'book antiqua', palatino, serif; font-size: 18px; color: #000000;\">Nacht der Tracht, M\u00fcnchen, 2017 &amp; 2018<\/span><\/li>\n<li><span style=\"font-family: 'book antiqua', palatino, serif; font-size: 18px; color: #000000;\">Almrauschparty bei Rosie, Kitzb\u00fchel\u00a0<\/span><\/li>\n<li><span style=\"font-family: 'book antiqua', palatino, serif; font-size: 18px; color: #000000;\">K\u00e4fers Almauftrieb, M\u00fcnchen<\/span><\/li>\n<li><span style=\"font-family: 'book antiqua', palatino, serif; font-size: 18px; color: #000000;\">Automobile meets Design (JANUA &amp; Maserati)<\/span><\/li>\n<li><span style=\"font-family: 'book antiqua', palatino, serif; font-size: 18px; color: #000000;\">K\u00fcchenparty zur Restaurantneuer\u00f6ffnung im Hotel Gasthof Post in Lech\u00a0<\/span><\/li>\n<li><span style=\"font-family: 'book antiqua', palatino, serif; font-size: 18px; color: #000000;\">Chrysanthemenball im Hotel Bayerischer Hof M\u00fcnchen &#8211; Charity Event\u00a0<\/span><\/li>\n<li><span style=\"font-family: 'book antiqua', palatino, serif; font-size: 18px; color: #000000;\">Beach Polo Cup Dubai, 2018<\/span><\/li>\n<li><span style=\"font-family: 'book antiqua', palatino, serif; font-size: 18px; color: #000000;\">Snow Polo St. Moritz, 2019<\/span><\/li>\n<li><span style=\"font-family: 'book antiqua', palatino, serif; font-size: 18px; color: #000000;\">White Turf St. Moritz, 2019<\/span><\/li>\n<li><span style=\"font-family: 'book antiqua', palatino, serif; font-size: 18px; color: #000000;\">Weltpremiere des neuen Hispano Suiza Maguari in Villach\u00a0<\/span><\/li>\n<\/ol>\n<p><span style=\"font-family: 'book antiqua', palatino, serif; font-size: 18px; color: #000000;\"><strong>Weitere Partner \/ further partners\u00a0<\/strong><\/span><\/p>\n<ol>\n<li><span style=\"font-family: 'book antiqua', palatino, serif; font-size: 18px; color: #000000;\">BMW Center M\u00fcnchen<\/span><\/li>\n<li><span style=\"font-family: 'book antiqua', palatino, serif; font-size: 18px; color: #000000;\">Maserati M\u00fcnchen (SZD Sportwagen, Ketterle Car Group)<\/span><\/li>\n<li><span style=\"font-family: 'book antiqua', palatino, serif; font-size: 18px; color: #000000;\">AMG Performance Tour<\/span><\/li>\n<li><span style=\"font-family: 'book antiqua', palatino, serif; font-size: 18px; color: #000000;\">Champagne Characters (Champagner Boutique in M\u00fcnchen)<\/span><\/li>\n<li><span style=\"font-family: 'book antiqua', palatino, serif; font-size: 18px; color: #000000;\">Schnitzelalm am Racetrack (ADAC GT Masters, N\u00fcrburgring 2016)<\/span><\/li>\n<li><span style=\"font-family: 'book antiqua', palatino, serif; font-size: 18px; color: #000000;\">Sasse &amp; Schockem\u00f6hle Communications (Pferdesport Marketing)<\/span><\/li>\n<\/ol>\n<h3><span style=\"font-family: 'book antiqua', palatino, serif; color: #000000;\">********************************************************************************<\/span><\/h3>\n<h2><span style=\"text-decoration: underline; color: #000000;\"><span style=\"font-family: 'book antiqua', palatino, serif; font-size: 18px;\">Referenz vom 5-Sterne-Luxushotel Nassauer Hof in Wiesbaden\u00a0<\/span><\/span><\/h2>\n<p><iframe loading=\"lazy\" style=\"border: none; overflow: hidden;\" src=\"https:\/\/www.facebook.com\/plugins\/post.php?href=https%3A%2F%2Fwww.facebook.com%2Fjuliavondeines%2Fposts%2F1638525926215319%3A0&amp;width=500\" width=\"500\" height=\"447\" frameborder=\"0\" scrolling=\"no\"><\/iframe><\/p>\n<h3><span style=\"font-family: 'book antiqua', palatino, serif; color: #000000;\">********************************************************************************<\/span><\/h3>\n<h3><span style=\"text-decoration: underline; color: #000000;\"><span style=\"font-family: 'book antiqua', palatino, serif; font-size: 18px;\">Referenz von VIP Privatkoch Chriz Bauer (Fashion on a Plate)\u00a0<\/span><\/span><\/h3>\n<p><iframe loading=\"lazy\" style=\"border: none; overflow: hidden;\" src=\"https:\/\/www.facebook.com\/plugins\/post.php?href=https%3A%2F%2Fwww.facebook.com%2FChrizmajestiX%2Fposts%2F10211719771978290%3A0&amp;width=500\" width=\"500\" height=\"529\" frameborder=\"0\" scrolling=\"no\"><\/iframe><\/p>\n<h3><span style=\"font-family: 'book antiqua', palatino, serif; color: #000000;\">********************************************************************************<\/span><\/h3>\n<p><span style=\"font-family: 'book antiqua', palatino, serif; font-size: 18px; color: #000000;\">Unser <strong>Luxus und Lifestyle Blog<\/strong> ist auch eine M\u00f6glichkeit, Ihnen eine Werbefl\u00e4che zu bieten und Ihre Produkte und Dienstleistungen einer exklusiven Kundschaft vorzustellen. Wir sind offen f\u00fcr Kooperationen vielerlei Art.<\/span><\/p>\n<p><span style=\"font-family: 'book antiqua', palatino, serif; font-size: 18px; color: #000000;\">Zum Beispiel:<\/span><\/p>\n<ul>\n<li><span style=\"font-family: 'book antiqua', palatino, serif; font-size: 18px; color: #000000;\">Advertorial (Serien- oder Einzelbeitr\u00e4ge) inkl. Social Media (Facebook, Twitter, Instagram, Pinterest, Bloglovin, Xing und LinkedIn)<\/span><\/li>\n<li><span style=\"font-family: 'book antiqua', palatino, serif; font-size: 18px; color: #000000;\">Rezensionen \/ Produkttests<\/span><\/li>\n<li><span style=\"font-family: 'book antiqua', palatino, serif; font-size: 18px; color: #000000;\">Recherche Reisen<\/span><\/li>\n<li><span style=\"font-family: 'book antiqua', palatino, serif; font-size: 18px; color: #000000;\">Advisory und Beratung f\u00fcr Restaurants oder Hotels aus der Sicht sehr anspruchsvoller G\u00e4ste und anschliessendem umfangreichen Feedback an das Management<\/span><\/li>\n<\/ul>\n<p><span style=\"font-family: 'book antiqua', palatino, serif; font-size: 18px; color: #000000;\">Wir freuen uns \u00fcber Anfragen \u00fcber: info@event-ww.de oder unter +49 151 44344 936<\/span><\/p>\n<h3><span style=\"font-family: 'book antiqua', palatino, serif; font-size: 18px; color: #000000;\">********************************************************************************<\/span><\/h3>\n<h3><span style=\"font-family: 'book antiqua', palatino, serif; font-size: 18px; color: #000000;\">English<\/span><\/h3>\n<p><span lang=\"en\" style=\"font-family: 'book antiqua', palatino, serif; font-size: 18px; color: #000000;\">Our luxury and lifestyle blog is also a way to offer you an advertising space and to present your products and services to an exclusive clientele. We are open to cooperation in many ways.<\/span><\/p>\n<p><span lang=\"en\" style=\"font-family: 'book antiqua', palatino, serif; font-size: 18px; color: #000000;\">For example: <\/span><\/p>\n<ul>\n<li><span lang=\"en\" style=\"font-family: 'book antiqua', palatino, serif; font-size: 18px; color: #000000;\">Advertorial (series or individual contributions) including social media (Facebook, Twitter, Instagram, Pinterest, Bloglovin, Xing and LinkedIn) <\/span><\/li>\n<li><span lang=\"en\" style=\"font-family: 'book antiqua', palatino, serif; font-size: 18px; color: #000000;\">Reviews \/ Product tests <\/span><\/li>\n<li><span lang=\"en\" style=\"font-family: 'book antiqua', palatino, serif; font-size: 18px; color: #000000;\">Research trips <\/span><\/li>\n<li><span lang=\"en\" style=\"font-family: 'book antiqua', palatino, serif; font-size: 18px; color: #000000;\">Advisory and advice for restaurants or hotels from the point of view of demanding guests and subsequent extensive feedback to the management <\/span><\/li>\n<\/ul>\n<p><span lang=\"en\" style=\"font-family: 'book antiqua', palatino, serif; font-size: 18px; color: #000000;\">We are looking forward to inquiries about: info@event-ww.de or on +49 151 44344 936<\/span><\/p>\n<h3><span style=\"font-family: 'book antiqua', palatino, serif; font-size: 18px; color: #000000;\">********************************************************************************<\/span><\/h3>\n","protected":false},"excerpt":{"rendered":"<p>Referenzen \/ References Hotels Schlosshotel Velden, Velden am W\u00f6rthersee, \u00d6sterreich Romantik Hotel Krone von Lech, Lech am Arlberg, \u00d6sterreich Atrium Prestige Thalasso, Rhodos, Griechenland M\u00f6venpick Hotel Stuttgart Airport &amp; Messe, Stuttgart Hotel Klosterbr\u00e4u, Seefeld, \u00d6sterreich Hotel Kohlerhof, F\u00fcgen, \u00d6sterreich Brauereigasthof Aying (Event Kooperation &#8211; High End Oktoberfest Event) Hotel Nassauer Hof, Wiesbaden\u00a0 Hotel Gasthof Post&hellip;<\/p>\n","protected":false},"author":3,"featured_media":0,"parent":0,"menu_order":0,"comment_status":"closed","ping_status":"closed","template":"","meta":{"_monsterinsights_skip_tracking":false,"_monsterinsights_sitenote_active":false,"_monsterinsights_sitenote_note":"","_monsterinsights_sitenote_category":0},"yst_prominent_words":[1456,1453,1448,1459,1458,1455,1457,1467,1466,1452,1447,1468,1461,1462,1451,1446,1454,1449,1460,1450],"_links":{"self":[{"href":"https:\/\/event-ww.de\/blog\/wp-json\/wp\/v2\/pages\/2512"}],"collection":[{"href":"https:\/\/event-ww.de\/blog\/wp-json\/wp\/v2\/pages"}],"about":[{"href":"https:\/\/event-ww.de\/blog\/wp-json\/wp\/v2\/types\/page"}],"author":[{"embeddable":true,"href":"https:\/\/event-ww.de\/blog\/wp-json\/wp\/v2\/users\/3"}],"replies":[{"embeddable":true,"href":"https:\/\/event-ww.de\/blog\/wp-json\/wp\/v2\/comments?post=2512"}],"version-history":[{"count":5,"href":"https:\/\/event-ww.de\/blog\/wp-json\/wp\/v2\/pages\/2512\/revisions"}],"predecessor-version":[{"id":8545,"href":"https:\/\/event-ww.de\/blog\/wp-json\/wp\/v2\/pages\/2512\/revisions\/8545"}],"wp:attachment":[{"href":"https:\/\/event-ww.de\/blog\/wp-json\/wp\/v2\/media?parent=2512"}],"wp:term":[{"taxonomy":"yst_prominent_words","embeddable":true,"href":"https:\/\/event-ww.de\/blog\/wp-json\/wp\/v2\/yst_prominent_words?post=2512"}],"curies":[{"name":"wp","href":"https:\/\/api.w.org\/{rel}","templated":true}]}}